{"id":152,"date":"2018-03-07T16:17:25","date_gmt":"2018-03-07T15:17:25","guid":{"rendered":"https:\/\/www.synergas.it\/cafiero-mattioli-group\/"},"modified":"2018-08-07T12:47:44","modified_gmt":"2018-08-07T10:47:44","slug":"cafiero-mattioli-group","status":"publish","type":"page","link":"https:\/\/www.synergas.it\/en\/cafiero-mattioli-group\/","title":{"rendered":"The Cafiero Mattioli Group"},"content":{"rendered":"<p>[vc_row][vc_column][vc_column_text]<\/p>\n<h2><strong>La societ\u00e0 capogruppo:<\/strong><\/h2>\n<p><strong>Cafima S.p.A.<br \/>\n<\/strong>La Cafiero Mattioli Finanziaria CA.FI.MA. S.p.A. \u00e8 la societ\u00e0 capogruppo, una societ\u00e0 a conduzione familiare con una lunga e consolidata esperienza nel settore dello shipping.<\/p>\n<h2><strong>Il Gruppo:<\/strong><\/h2>\n<p><strong>Scinicariello Ship Management S.r.l.<\/strong><br \/>\nLa Scinicariello Ship Management S.r.l. \u00e8 una societ\u00e0 di servizi tecnici ed amministrativi di lunga e consolidata tradizione nel settore dei trasporti marittimi.La societ\u00e0 cura i servizi di assistenza tecnica ed amministrativa per le societ\u00e0 del gruppo CA.FI.MA.<\/p>\n<p><strong>Augusta Offshore S.p.A.<\/strong><br \/>\nAugusta Offshore S.p.A. gestisce una flotta di 9 unit\u00e0.<\/p>\n<p><strong>Synergas S.r.l.<\/strong><br \/>\nLa Synergas S.r.l. vanta una flotta di 9 gasiere.[\/vc_column_text][\/vc_column][\/vc_row]<\/p>\n","protected":false},"excerpt":{"rendered":"<p>[vc_row][vc_column][vc_column_text] La societ\u00e0 capogruppo: Cafima S.p.A. La Cafiero Mattioli Finanziaria CA.FI.MA. S.p.A. \u00e8 la societ\u00e0 capogruppo, una societ\u00e0 a conduzione familiare con una lunga e consolidata esperienza nel settore dello shipping. Il Gruppo: Scinicariello Ship Management S.r.l. La Scinicariello Ship Management S.r.l. \u00e8 una societ\u00e0 di servizi tecnici ed amministrativi di lunga e consolidata tradizione<\/p>\n","protected":false},"author":1,"featured_media":0,"parent":0,"menu_order":0,"comment_status":"closed","ping_status":"closed","template":"","meta":[],"acf":[],"yoast_head":"<!-- This site is optimized with the Yoast SEO plugin v18.8 - https:\/\/yoast.com\/wordpress\/plugins\/seo\/ -->\n<title>The Cafiero Mattioli Group - Synergas<\/title>\n<meta name=\"robots\" content=\"index, follow, max-snippet:-1, max-image-preview:large, max-video-preview:-1\" \/>\n<link rel=\"canonical\" href=\"https:\/\/www.synergas.it\/en\/cafiero-mattioli-group\/\" \/>\n<meta property=\"og:locale\" content=\"en_US\" \/>\n<meta property=\"og:type\" content=\"article\" \/>\n<meta property=\"og:title\" content=\"The Cafiero Mattioli Group - Synergas\" \/>\n<meta property=\"og:description\" content=\"[vc_row][vc_column][vc_column_text] La societ\u00e0 capogruppo: Cafima S.p.A. La Cafiero Mattioli Finanziaria CA.FI.MA. S.p.A. \u00e8 la societ\u00e0 capogruppo, una societ\u00e0 a conduzione familiare con una lunga e consolidata esperienza nel settore dello shipping. Il Gruppo: Scinicariello Ship Management S.r.l. La Scinicariello Ship Management S.r.l. \u00e8 una societ\u00e0 di servizi tecnici ed amministrativi di lunga e consolidata tradizione\" \/>\n<meta property=\"og:url\" content=\"https:\/\/www.synergas.it\/en\/cafiero-mattioli-group\/\" \/>\n<meta property=\"og:site_name\" content=\"Synergas\" \/>\n<meta property=\"article:modified_time\" content=\"2018-08-07T10:47:44+00:00\" \/>\n<meta name=\"twitter:card\" content=\"summary_large_image\" \/>\n<meta name=\"twitter:label1\" content=\"Est. reading time\" \/>\n\t<meta name=\"twitter:data1\" content=\"1 minute\" \/>\n<script type=\"application\/ld+json\" class=\"yoast-schema-graph\">{\"@context\":\"https:\/\/schema.org\",\"@graph\":[{\"@type\":\"WebSite\",\"@id\":\"https:\/\/www.synergas.it\/#website\",\"url\":\"https:\/\/www.synergas.it\/\",\"name\":\"Synergas\",\"description\":\"Synergas shipping solution\",\"potentialAction\":[{\"@type\":\"SearchAction\",\"target\":{\"@type\":\"EntryPoint\",\"urlTemplate\":\"https:\/\/www.synergas.it\/?s={search_term_string}\"},\"query-input\":\"required name=search_term_string\"}],\"inLanguage\":\"en-US\"},{\"@type\":\"WebPage\",\"@id\":\"https:\/\/www.synergas.it\/en\/cafiero-mattioli-group\/#webpage\",\"url\":\"https:\/\/www.synergas.it\/en\/cafiero-mattioli-group\/\",\"name\":\"The Cafiero Mattioli Group - Synergas\",\"isPartOf\":{\"@id\":\"https:\/\/www.synergas.it\/#website\"},\"datePublished\":\"2018-03-07T15:17:25+00:00\",\"dateModified\":\"2018-08-07T10:47:44+00:00\",\"breadcrumb\":{\"@id\":\"https:\/\/www.synergas.it\/en\/cafiero-mattioli-group\/#breadcrumb\"},\"inLanguage\":\"en-US\",\"potentialAction\":[{\"@type\":\"ReadAction\",\"target\":[\"https:\/\/www.synergas.it\/en\/cafiero-mattioli-group\/\"]}]},{\"@type\":\"BreadcrumbList\",\"@id\":\"https:\/\/www.synergas.it\/en\/cafiero-mattioli-group\/#breadcrumb\",\"itemListElement\":[{\"@type\":\"ListItem\",\"position\":1,\"name\":\"Home\",\"item\":\"https:\/\/www.synergas.it\/en\/home-synergas\/\"},{\"@type\":\"ListItem\",\"position\":2,\"name\":\"The Cafiero Mattioli Group\"}]}]}<\/script>\n<!-- \/ Yoast SEO plugin. -->","yoast_head_json":{"title":"The Cafiero Mattioli Group - Synergas","robots":{"index":"index","follow":"follow","max-snippet":"max-snippet:-1","max-image-preview":"max-image-preview:large","max-video-preview":"max-video-preview:-1"},"canonical":"https:\/\/www.synergas.it\/en\/cafiero-mattioli-group\/","og_locale":"en_US","og_type":"article","og_title":"The Cafiero Mattioli Group - Synergas","og_description":"[vc_row][vc_column][vc_column_text] La societ\u00e0 capogruppo: Cafima S.p.A. La Cafiero Mattioli Finanziaria CA.FI.MA. S.p.A. \u00e8 la societ\u00e0 capogruppo, una societ\u00e0 a conduzione familiare con una lunga e consolidata esperienza nel settore dello shipping. Il Gruppo: Scinicariello Ship Management S.r.l. La Scinicariello Ship Management S.r.l. \u00e8 una societ\u00e0 di servizi tecnici ed amministrativi di lunga e consolidata tradizione","og_url":"https:\/\/www.synergas.it\/en\/cafiero-mattioli-group\/","og_site_name":"Synergas","article_modified_time":"2018-08-07T10:47:44+00:00","twitter_card":"summary_large_image","twitter_misc":{"Est. reading time":"1 minute"},"schema":{"@context":"https:\/\/schema.org","@graph":[{"@type":"WebSite","@id":"https:\/\/www.synergas.it\/#website","url":"https:\/\/www.synergas.it\/","name":"Synergas","description":"Synergas shipping solution","potentialAction":[{"@type":"SearchAction","target":{"@type":"EntryPoint","urlTemplate":"https:\/\/www.synergas.it\/?s={search_term_string}"},"query-input":"required name=search_term_string"}],"inLanguage":"en-US"},{"@type":"WebPage","@id":"https:\/\/www.synergas.it\/en\/cafiero-mattioli-group\/#webpage","url":"https:\/\/www.synergas.it\/en\/cafiero-mattioli-group\/","name":"The Cafiero Mattioli Group - Synergas","isPartOf":{"@id":"https:\/\/www.synergas.it\/#website"},"datePublished":"2018-03-07T15:17:25+00:00","dateModified":"2018-08-07T10:47:44+00:00","breadcrumb":{"@id":"https:\/\/www.synergas.it\/en\/cafiero-mattioli-group\/#breadcrumb"},"inLanguage":"en-US","potentialAction":[{"@type":"ReadAction","target":["https:\/\/www.synergas.it\/en\/cafiero-mattioli-group\/"]}]},{"@type":"BreadcrumbList","@id":"https:\/\/www.synergas.it\/en\/cafiero-mattioli-group\/#breadcrumb","itemListElement":[{"@type":"ListItem","position":1,"name":"Home","item":"https:\/\/www.synergas.it\/en\/home-synergas\/"},{"@type":"ListItem","position":2,"name":"The Cafiero Mattioli Group"}]}]}},"_links":{"self":[{"href":"https:\/\/www.synergas.it\/en\/wp-json\/wp\/v2\/pages\/152"}],"collection":[{"href":"https:\/\/www.synergas.it\/en\/wp-json\/wp\/v2\/pages"}],"about":[{"href":"https:\/\/www.synergas.it\/en\/wp-json\/wp\/v2\/types\/page"}],"author":[{"embeddable":true,"href":"https:\/\/www.synergas.it\/en\/wp-json\/wp\/v2\/users\/1"}],"replies":[{"embeddable":true,"href":"https:\/\/www.synergas.it\/en\/wp-json\/wp\/v2\/comments?post=152"}],"version-history":[{"count":2,"href":"https:\/\/www.synergas.it\/en\/wp-json\/wp\/v2\/pages\/152\/revisions"}],"predecessor-version":[{"id":268,"href":"https:\/\/www.synergas.it\/en\/wp-json\/wp\/v2\/pages\/152\/revisions\/268"}],"wp:attachment":[{"href":"https:\/\/www.synergas.it\/en\/wp-json\/wp\/v2\/media?parent=152"}],"curies":[{"name":"wp","href":"https:\/\/api.w.org\/{rel}","templated":true}]}}