{"id":298,"date":"2018-07-17T17:03:30","date_gmt":"2018-07-17T15:03:30","guid":{"rendered":"https:\/\/www.synergas.it\/cookiepolicy\/"},"modified":"2018-07-17T17:03:30","modified_gmt":"2018-07-17T15:03:30","slug":"cookiepolicy","status":"publish","type":"page","link":"https:\/\/www.synergas.it\/en\/cookiepolicy\/","title":{"rendered":"CookiePolicy"},"content":{"rendered":"<p>[vc_row][vc_column][vc_column_text]<\/p>\n<h3>Introduzione<\/h3>\n<p>Questa policy fornisce spiegazioni sull\u2019utilizzo dei cookie in modo da consentire agli utenti di operare consapevolmente le proprie scelte relativamente all\u2019accesso nonch\u00e9 alla navigazione sui siti appartenenti alle societ\u00e0 del Gruppo CA.FI.MA. La policy usa il termine &#8216;cookie&#8217; per riferirsi a cookie e tecnologie simili contemplati dalla legge (quali, ad esempio, Local Shared Objects &#8211; comunemente indicati come &#8220;flash cookie&#8221;, web beacon o bug, tra cui clear gif trasparenti). Le informazioni raccolte riguardano dati che potrebbero permettere di identificare gli utenti \/ visitatori mediante l&#8217;associazione ed elaborazione con dati detenuti da terzi (quali, ad esempio, gli indirizzi IP, nomi di domini dei computer utilizzati da persone che si collegano al sito web). Questi dati vengono utilizzati solo per fini statistici.<\/p>\n<p>Il presente documento \u00e8 parte integrante e sostanziale della Privacy Policy e della informativa in essa contenuta rilasciata anche ai sensi dell&#8217;art. 13 del decreto legislativo n. 196 del 2003 (Codice per la protezione dei dati personali, legge italiana che implementa le citate direttive europee) e del Regolamento UE n. 2016\/679 (GDPR). Si invita, pertanto, alla lettura di tale documento.<\/p>\n<h3>Legge applicabile<\/h3>\n<p>La materia \u00e8 regolata dalla Direttiva Europea 2002\/58 \/CE &#8211; successivamente modificata dalla direttiva 2009\/136 \/CE e recepita dalle legislazioni nazionali degli Stati membri dell&#8217;Unione Europea &#8211; che richiede di ottenere il consenso per i cookie e tecnologie simili.<\/p>\n<h3>Cos&#8217;\u00e8 un cookie<\/h3>\n<p>Un cookie \u00e8 un piccolo file di testo, in genere di lettere e numeri, scaricati su un dispositivo quando l&#8217;utente accede al sito web. I cookie vengono poi inviati al sito originario a ogni visita successiva. I cookie sono utili perch\u00e9 consentono a un sito web di riconoscere il dispositivo di un utente.<\/p>\n<p>L&#8217;uso di cookie e di tecnologie simili \u00e8 da tempo un fattore ordinario in quanto i cookie sono importanti nella fornitura di molti servizi online. L&#8217;utilizzo di queste tecnologie non \u00e8, quindi, vietato dalla legge ma richiede che l&#8217;utente venga informato sui cookie e gli venga offerta la possibilit\u00e0 di accettarli o meno.<\/p>\n<h3>Tipologie di Cookie<\/h3>\n<p><strong>Cookie di sessione e persistenti<\/strong><\/p>\n<p>I cookie possono scadere alla fine di una sessione del browser (cio\u00e8, da quando un utente apre la finestra del browser sino a quando si esce dal browser) oppure possono essere conservati pi\u00f9 a lungo.<\/p>\n<p><strong>Cookie di sessione<\/strong> &#8211; consentono ai siti web di collegare le azioni di un utente durante una sessione del browser. Essi possono essere utilizzati per una variet\u00e0 di scopi, come ricordare ci\u00f2 che un utente ha messo nel proprio carrello mentre naviga in un sito. Essi potrebbero essere utilizzati anche per la sicurezza quando un utente accede a internet banking o per facilitare l&#8217;uso di alcuni servizi quali ad esempio la webmail. Questi cookie di sessione scadono dopo una sessione del browser.<\/p>\n<p>L&#8217;uso dei cosiddetti cookie di sessione (che, in ogni caso, non vengono memorizzati in modo persistente sul computer dell&#8217;utente e sono cancellati automaticamente non appena il browser viene chiuso) \u00e8 strettamente limitato ai fini della trasmissione di dati (costituito da numeri casuali generati dal server) che identificano la sessione specifica e sono necessari per consentire l&#8217;esplorazione sicura ed efficiente. I cookie di sessione utilizzati in questo sito evitano il ricorso ad altre tecniche informatiche potenzialmente pregiudizievoli per la riservatezza della navigazione in rete degli utenti.<\/p>\n<p><strong>Cookie persistenti <\/strong>&#8211; vengono memorizzati sul dispositivo degli utenti tra distinte sessioni del browser e consentono di ricordare le azioni dell&#8217;utente in un sito. I cookie persistenti possono essere utilizzati per una variet\u00e0 di scopi, tra cui ricordare le preferenze e le scelte degli utenti quando si utilizza un sito (o in alcuni casi attraverso diversi siti web).<\/p>\n<p><strong>Cookie di &#8220;prima&#8221; e di &#8220;terza parte&#8221; <\/strong>&#8211; La circostanza che un cookie sia di &#8216;prima&#8217; o di &#8216;terza parte&#8217; \u00e8 strettamente connessa al sito web o al dominio che utilizza quel determinato cookie. I cookie di &#8220;prima parte&#8221;, in sostanza, sono i cookie impostati dal medesimo sito web visitato dall&#8217;utente &#8211; cio\u00e8 il sito visualizzato nella finestra URL: nel nostro caso, i cookie impostati da <a href=\"https:\/\/www.synergas.it\/\">https:\/\/www.synergas.it\/<\/a>. I cookie di &#8220;terze parti&#8221; sono i cookie che vengono impostati da un dominio diverso da quello visitato dall&#8217;utente: cio\u00e8 i cookie che sono impostati da siti web diversi da <a href=\"https:\/\/www.synergas.it\/\">https:\/\/www.synergas.it\/<\/a>. Se un utente visita un sito web (come <a href=\"https:\/\/www.synergas.it\/\">https:\/\/www.synergas.it\/<\/a>) e una terza azienda imposta un cookie attraverso il link \u201cSviluppo Software\u201d (<a href=\"https:\/\/www.infocube.it\/\">https:\/\/www.infocube.it\/<\/a>), questo specifico cookie \u00e8 un cookie di &#8220;terza parte&#8221;.<\/p>\n<h3>Titolarit\u00e0 del trattamento<\/h3>\n<p>La Synergas S.r.l., come identificata nella Privacy policy, \u00e8 titolare del trattamento dei &#8211; e risponde per i &#8211; soli cookie propri, cio\u00e8 di &#8220;prima parte&#8221;; diversamente, i cookie di &#8220;terze parti&#8221; rientrano nella titolarit\u00e0 delle aziende di rispettiva pertinenza, individuate secondo la tabella contenuta in questo documento.<\/p>\n<h3>Consenso per i cookie<\/h3>\n<p>Alcuni cookie sono strettamente necessari per il corretto funzionamento di Internet e non richiedono il consenso dell&#8217;utente, come ad esempio quelli per garantire che il contenuto di una pagina venga caricata in modo rapido ed efficace, la distribuzione del carico di lavoro tra diversi computer oppure quelli volti a garantire la sicurezza.<\/p>\n<p>Altri cookie sono pur sempre ragionevolmente necessari o importanti, ma non sono strettamente indispensabili e, quindi, richiedono il consenso dell&#8217;utente.<\/p>\n<p>Le impostazioni del browser rappresentano un mezzo per il rilascio del consenso o, al contrario, per il rifiuto dei cookie; l&#8217;utente pu\u00f2 impostare il browser affinch\u00e9 venga avvertito della presenza di cookie, consentendogli di decidere se accettare i cookie o meno. \u00c8 anche possibile rifiutare automaticamente tutti i cookie, attivando l&#8217;apposita opzione nel browser.<\/p>\n<p>Ciascun browser pone in evidenza istruzioni allo scopo.<\/p>\n<h3>Revoca del consenso<\/h3>\n<p>Il vostro consenso all&#8217;uso dei cookie pu\u00f2 essere revocato in qualsiasi momento, anche se la revoca potrebbe avere un impatto sulla funzionalit\u00e0 del sito web.<\/p>\n<h3>Quali cookie utilizziamo<\/h3>\n<p>Quando gestisce il proprio sito web, la Synergas S.r.l. utilizza i cookie per offrire servizi, per migliorare l&#8217;esperienza degli utenti, nonch\u00e9 per sviluppare statistiche aggregate sui dati raccolti per vari motivi.<\/p>\n<p>I cookies che utilizziamo sono &#8220;tecnici&#8221; e &#8220;analitici&#8221;. Essi ci permettono di riconoscere e contare il numero di visitatori e di esaminare come i visitatori navigano il sito web quando lo si utilizza. Questo ci aiuta a migliorare il modo in cui il nostro sito funziona, per esempio facendo in modo che gli utenti trovino facilmente quello di cui hanno bisogno. Per saperne di pi\u00f9 sui singoli cookie di analisi che utilizziamo e come riconoscerli si rinvia alla consultazione della tabella sottostante.<\/p>\n<p>Pi\u00f9 specificamente, questo sito internet utilizza questi tipi di cookie, come elencato nella tabella seguente:<\/p>\n<ol>\n<li><strong> cookie tecnici<\/strong>: necessari per la navigazione all&#8217;interno del sito e per poter utilizzare alcune funzioni (ad esempio, per spostarsi da una pagina all&#8217;altra, etc).<\/li>\n<li><strong> cookie analitici<\/strong>: per l&#8217;analisi statistica degli accessi al sito. Le informazioni sono raccolte su base aggregata.<\/li>\n<\/ol>\n<p>Questo sito non utilizza i cookies per indirizzare la pubblicit\u00e0.<\/p>\n<table width=\"760\">\n<tbody>\n<tr>\n<td width=\"107\"><strong>Nome<\/strong><\/td>\n<td width=\"97\"><strong>Dominio<\/strong><\/td>\n<td width=\"122\"><strong>Tipo Cookie<\/strong><\/td>\n<td width=\"119\"><strong>Descrizione<\/strong><\/td>\n<td width=\"315\"><strong>Periodo di conservazione<\/strong><\/td>\n<\/tr>\n<tr>\n<td width=\"107\"><strong>TABELLA IN FASE DI REVISIONE<\/strong><\/td>\n<td width=\"97\"><\/td>\n<td width=\"122\"><\/td>\n<td width=\"119\"><\/td>\n<td width=\"315\"><\/td>\n<\/tr>\n<tr>\n<td width=\"107\"><\/td>\n<td width=\"97\"><\/td>\n<td width=\"122\"><\/td>\n<td width=\"119\"><\/td>\n<td width=\"315\"><\/td>\n<\/tr>\n<tr>\n<td width=\"107\"><\/td>\n<td width=\"97\"><\/td>\n<td width=\"122\"><\/td>\n<td width=\"119\"><\/td>\n<td width=\"315\"><\/td>\n<\/tr>\n<tr>\n<td width=\"107\"><\/td>\n<td width=\"97\"><\/td>\n<td width=\"122\"><\/td>\n<td width=\"119\"><\/td>\n<td width=\"315\"><\/td>\n<\/tr>\n<tr>\n<td width=\"107\"><\/td>\n<td width=\"97\"><\/td>\n<td width=\"122\"><\/td>\n<td width=\"119\"><\/td>\n<td width=\"315\"><\/td>\n<\/tr>\n<tr>\n<td width=\"107\"><\/td>\n<td width=\"97\"><\/td>\n<td width=\"122\"><\/td>\n<td width=\"119\"><\/td>\n<td width=\"315\"><\/td>\n<\/tr>\n<tr>\n<td width=\"107\"><\/td>\n<td width=\"97\"><\/td>\n<td width=\"122\"><\/td>\n<td width=\"119\"><\/td>\n<td width=\"315\"><\/td>\n<\/tr>\n<tr>\n<td width=\"107\"><\/td>\n<td width=\"97\"><\/td>\n<td width=\"122\"><\/td>\n<td width=\"119\"><\/td>\n<td width=\"315\"><\/td>\n<\/tr>\n<tr>\n<td width=\"107\"><\/td>\n<td width=\"97\"><\/td>\n<td width=\"122\"><\/td>\n<td width=\"119\"><\/td>\n<td width=\"315\"><\/td>\n<\/tr>\n<tr>\n<td width=\"107\"><\/td>\n<td width=\"97\"><\/td>\n<td width=\"122\"><\/td>\n<td width=\"119\"><\/td>\n<td width=\"315\"><\/td>\n<\/tr>\n<tr>\n<td width=\"107\"><\/td>\n<td width=\"97\"><\/td>\n<td width=\"122\"><\/td>\n<td width=\"119\"><\/td>\n<td width=\"315\"><\/td>\n<\/tr>\n<tr>\n<td width=\"107\"><\/td>\n<td width=\"97\"><\/td>\n<td width=\"122\"><\/td>\n<td width=\"119\"><\/td>\n<td width=\"315\"><\/td>\n<\/tr>\n<tr>\n<td width=\"107\"><\/td>\n<td width=\"97\"><\/td>\n<td width=\"122\"><\/td>\n<td width=\"119\"><\/td>\n<td width=\"315\"><\/td>\n<\/tr>\n<\/tbody>\n<\/table>\n<p>&nbsp;<\/p>\n<p>Alcuni cookie utilizzati sono di terze parti. Il processo per ottenere il consenso per questi cookie \u00e8 pi\u00f9 complesso, ma facciamo tutto il possibile per fornire le giuste informazioni agli utenti e per consentire loro di effettuare scelte informate su ci\u00f2 che \u00e8 memorizzato sul proprio dispositivo.<\/p>\n<p>Per questa ragione la societ\u00e0 fornisce gli indirizzi di tali terze parti presso cui rivolgersi o, in mancanza, indica qui le modalit\u00e0 per rimuovere i cookie che non si vuole accettare.<\/p>\n<h3>Ambito di circolazione e conservazione dei dati<\/h3>\n<p>I dati sui contatti web non vengono conservati per un periodo pi\u00f9 lungo di sette giorni, salvo eventuali accertamenti di reati informatici ai danni del sito. Nessun dato derivante dal servizio web verr\u00e0 comunicato o diffuso a destinatari non specificati.<\/p>\n<h3>Aggiornamento della cookie policy<\/h3>\n<p>La politica sui cookie del nostro Sito pu\u00f2 essere periodicamente aggiornata, per cui si consiglia di consultare questo documento ogni volta che si accede al Sito, al fine di essere correttamente informati su come e perch\u00e9 usiamo i cookie.<\/p>\n<h3>Ulteriori informazioni sui cookie<\/h3>\n<p>Per ulteriori informazioni sui cookie installati tramite questo Sito, \u00e8 possibile contattare il seguente indirizzo e-mail: <a href=\"mailto:privacy@scini.com\">privacy@scini.com<\/a><\/p>\n<h2><\/h2>\n<h3>Data ultima revisione<\/h3>\n<p>Data ultima revisione: 18\/07\/2018[\/vc_column_text][\/vc_column][\/vc_row]<\/p>\n","protected":false},"excerpt":{"rendered":"<p>[vc_row][vc_column][vc_column_text] Introduzione Questa policy fornisce spiegazioni sull\u2019utilizzo dei cookie in modo da consentire agli utenti di operare consapevolmente le proprie scelte relativamente all\u2019accesso nonch\u00e9 alla navigazione sui siti appartenenti alle societ\u00e0 del Gruppo CA.FI.MA. La policy usa il termine &#8216;cookie&#8217; per riferirsi a cookie e tecnologie simili contemplati dalla legge (quali, ad esempio, Local Shared<\/p>\n","protected":false},"author":3,"featured_media":0,"parent":0,"menu_order":0,"comment_status":"closed","ping_status":"closed","template":"","meta":[],"acf":[],"yoast_head":"<!-- This site is optimized with the Yoast SEO plugin v18.8 - https:\/\/yoast.com\/wordpress\/plugins\/seo\/ -->\n<title>CookiePolicy - Synergas<\/title>\n<meta name=\"robots\" content=\"index, follow, max-snippet:-1, max-image-preview:large, max-video-preview:-1\" \/>\n<link rel=\"canonical\" href=\"https:\/\/www.synergas.it\/en\/cookiepolicy\/\" \/>\n<meta property=\"og:locale\" content=\"en_US\" \/>\n<meta property=\"og:type\" content=\"article\" \/>\n<meta property=\"og:title\" content=\"CookiePolicy - Synergas\" \/>\n<meta property=\"og:description\" content=\"[vc_row][vc_column][vc_column_text] Introduzione Questa policy fornisce spiegazioni sull\u2019utilizzo dei cookie in modo da consentire agli utenti di operare consapevolmente le proprie scelte relativamente all\u2019accesso nonch\u00e9 alla navigazione sui siti appartenenti alle societ\u00e0 del Gruppo CA.FI.MA. La policy usa il termine &#8216;cookie&#8217; per riferirsi a cookie e tecnologie simili contemplati dalla legge (quali, ad esempio, Local Shared\" \/>\n<meta property=\"og:url\" content=\"https:\/\/www.synergas.it\/en\/cookiepolicy\/\" \/>\n<meta property=\"og:site_name\" content=\"Synergas\" \/>\n<meta name=\"twitter:card\" content=\"summary_large_image\" \/>\n<meta name=\"twitter:label1\" content=\"Est. reading time\" \/>\n\t<meta name=\"twitter:data1\" content=\"7 minutes\" \/>\n<script type=\"application\/ld+json\" class=\"yoast-schema-graph\">{\"@context\":\"https:\/\/schema.org\",\"@graph\":[{\"@type\":\"WebSite\",\"@id\":\"https:\/\/www.synergas.it\/#website\",\"url\":\"https:\/\/www.synergas.it\/\",\"name\":\"Synergas\",\"description\":\"Synergas shipping solution\",\"potentialAction\":[{\"@type\":\"SearchAction\",\"target\":{\"@type\":\"EntryPoint\",\"urlTemplate\":\"https:\/\/www.synergas.it\/?s={search_term_string}\"},\"query-input\":\"required name=search_term_string\"}],\"inLanguage\":\"en-US\"},{\"@type\":\"WebPage\",\"@id\":\"https:\/\/www.synergas.it\/en\/cookiepolicy\/#webpage\",\"url\":\"https:\/\/www.synergas.it\/en\/cookiepolicy\/\",\"name\":\"CookiePolicy - Synergas\",\"isPartOf\":{\"@id\":\"https:\/\/www.synergas.it\/#website\"},\"datePublished\":\"2018-07-17T15:03:30+00:00\",\"dateModified\":\"2018-07-17T15:03:30+00:00\",\"breadcrumb\":{\"@id\":\"https:\/\/www.synergas.it\/en\/cookiepolicy\/#breadcrumb\"},\"inLanguage\":\"en-US\",\"potentialAction\":[{\"@type\":\"ReadAction\",\"target\":[\"https:\/\/www.synergas.it\/en\/cookiepolicy\/\"]}]},{\"@type\":\"BreadcrumbList\",\"@id\":\"https:\/\/www.synergas.it\/en\/cookiepolicy\/#breadcrumb\",\"itemListElement\":[{\"@type\":\"ListItem\",\"position\":1,\"name\":\"Home\",\"item\":\"https:\/\/www.synergas.it\/en\/home-synergas\/\"},{\"@type\":\"ListItem\",\"position\":2,\"name\":\"CookiePolicy\"}]}]}<\/script>\n<!-- \/ Yoast SEO plugin. -->","yoast_head_json":{"title":"CookiePolicy - Synergas","robots":{"index":"index","follow":"follow","max-snippet":"max-snippet:-1","max-image-preview":"max-image-preview:large","max-video-preview":"max-video-preview:-1"},"canonical":"https:\/\/www.synergas.it\/en\/cookiepolicy\/","og_locale":"en_US","og_type":"article","og_title":"CookiePolicy - Synergas","og_description":"[vc_row][vc_column][vc_column_text] Introduzione Questa policy fornisce spiegazioni sull\u2019utilizzo dei cookie in modo da consentire agli utenti di operare consapevolmente le proprie scelte relativamente all\u2019accesso nonch\u00e9 alla navigazione sui siti appartenenti alle societ\u00e0 del Gruppo CA.FI.MA. La policy usa il termine &#8216;cookie&#8217; per riferirsi a cookie e tecnologie simili contemplati dalla legge (quali, ad esempio, Local Shared","og_url":"https:\/\/www.synergas.it\/en\/cookiepolicy\/","og_site_name":"Synergas","twitter_card":"summary_large_image","twitter_misc":{"Est. reading time":"7 minutes"},"schema":{"@context":"https:\/\/schema.org","@graph":[{"@type":"WebSite","@id":"https:\/\/www.synergas.it\/#website","url":"https:\/\/www.synergas.it\/","name":"Synergas","description":"Synergas shipping solution","potentialAction":[{"@type":"SearchAction","target":{"@type":"EntryPoint","urlTemplate":"https:\/\/www.synergas.it\/?s={search_term_string}"},"query-input":"required name=search_term_string"}],"inLanguage":"en-US"},{"@type":"WebPage","@id":"https:\/\/www.synergas.it\/en\/cookiepolicy\/#webpage","url":"https:\/\/www.synergas.it\/en\/cookiepolicy\/","name":"CookiePolicy - Synergas","isPartOf":{"@id":"https:\/\/www.synergas.it\/#website"},"datePublished":"2018-07-17T15:03:30+00:00","dateModified":"2018-07-17T15:03:30+00:00","breadcrumb":{"@id":"https:\/\/www.synergas.it\/en\/cookiepolicy\/#breadcrumb"},"inLanguage":"en-US","potentialAction":[{"@type":"ReadAction","target":["https:\/\/www.synergas.it\/en\/cookiepolicy\/"]}]},{"@type":"BreadcrumbList","@id":"https:\/\/www.synergas.it\/en\/cookiepolicy\/#breadcrumb","itemListElement":[{"@type":"ListItem","position":1,"name":"Home","item":"https:\/\/www.synergas.it\/en\/home-synergas\/"},{"@type":"ListItem","position":2,"name":"CookiePolicy"}]}]}},"_links":{"self":[{"href":"https:\/\/www.synergas.it\/en\/wp-json\/wp\/v2\/pages\/298"}],"collection":[{"href":"https:\/\/www.synergas.it\/en\/wp-json\/wp\/v2\/pages"}],"about":[{"href":"https:\/\/www.synergas.it\/en\/wp-json\/wp\/v2\/types\/page"}],"author":[{"embeddable":true,"href":"https:\/\/www.synergas.it\/en\/wp-json\/wp\/v2\/users\/3"}],"replies":[{"embeddable":true,"href":"https:\/\/www.synergas.it\/en\/wp-json\/wp\/v2\/comments?post=298"}],"version-history":[{"count":0,"href":"https:\/\/www.synergas.it\/en\/wp-json\/wp\/v2\/pages\/298\/revisions"}],"wp:attachment":[{"href":"https:\/\/www.synergas.it\/en\/wp-json\/wp\/v2\/media?parent=298"}],"curies":[{"name":"wp","href":"https:\/\/api.w.org\/{rel}","templated":true}]}}