{"id":299,"date":"2018-07-17T17:03:11","date_gmt":"2018-07-17T15:03:11","guid":{"rendered":"https:\/\/www.synergas.it\/privacypolicy\/"},"modified":"2018-07-17T17:03:11","modified_gmt":"2018-07-17T15:03:11","slug":"privacypolicy","status":"publish","type":"page","link":"https:\/\/www.synergas.it\/en\/privacypolicy\/","title":{"rendered":"PrivacyPolicy"},"content":{"rendered":"<p>[vc_row][vc_column][vc_column_text]<\/p>\n<h3>Introduzione<\/h3>\n<p>La presente Policy ha lo scopo di descrivere le modalit\u00e0 di gestione in riferimento al trattamento dei dati personali degli utenti\/visitatori di questo sito web, raggiungibile all&#8217;indirizzo <a href=\"https:\/\/www.synergas.it\/\">https:\/\/www.synergas.it\/<\/a>.<\/p>\n<p>Raccomandiamo di leggere attentamente questa privacy policy prima della fornitura dei dati stessi.<\/p>\n<p>Questa comunicazione \u00e8 fornita in conformit\u00e0 alla legislazione dell&#8217;Unione Europea sul trattamento dei dati personali ed al Codice privacy italiano (art. 13 del D.lgs. n. 196\/2003) ed alla normativa europea di cui al Regolamento UE n. 2016\/679 (GDPR), art. 13.<\/p>\n<h3>Titolarit\u00e0<\/h3>\n<p>Titolare del trattamento \u00e8 la Synergas S.r.l., con sede in Via Riviera di Chiaia, 287 \u2013 80121 Napoli (NA) (di seguito indicata semplicemente come &#8220;Titolare&#8221;).<\/p>\n<p>La lista aggiornata dei responsabili del trattamento e delle consociate del gruppo \u00e8 disponibile inoltrando richiesta all\u2019indirizzo mail <a href=\"mailto:privacy@scini.com\">privacy@scini.com<\/a>.<\/p>\n<h3>Ambito oggetto di questa policy<\/h3>\n<p>Questa Privacy Policy riguarda il presente sito web e non anche ulteriori siti web che non siano di pertinenza di Synergas S.r.l., eventualmente consultati dall&#8217;utente tramite navigazione dei link.<\/p>\n<h3>Policy e informativa<\/h3>\n<p>Il sito web svolge una funzione prevalentemente informativa delle attivit\u00e0 svolte da Synergas S.r.l.. Pertanto, nella maggior parte dei casi, non \u00e8 prevista raccolta di dati personali dal navigatore.<\/p>\n<p>In aggiunta, in limitati casi in cui si rendesse necessario raccogliere informazioni personali per altri fini, questo verr\u00e0 chiaramente evidenziato nelle informative di legge, al fine di consentire trasparenza e consapevolezza all\u2019utente.<\/p>\n<p>Tali informative sono dirette a definire limiti e modalit\u00e0 del trattamento dei dati di ciascun servizio, in base alle quali il visitatore potr\u00e0 esprimere liberamente il proprio consenso (se necessario) ed autorizzare eventualmente la raccolta dei dati ed il loro successivo utilizzo.<\/p>\n<h3>Dati di navigazione<\/h3>\n<p>I sistemi informatici e le procedure software preposte al funzionamento di questo sito web acquisiscono, nel corso del loro normale esercizio, alcuni dati personali la cui trasmissione \u00e8 implicita nell\u2019uso dei protocolli di comunicazione di Internet.<\/p>\n<p>In questa categoria di dati rientrano: gli indirizzi IP, il tipo di browser utilizzato, il nome di dominio e gli indirizzi di siti web dai quali \u00e8 stato effettuato l&#8217;accesso o l\u2019uscita, le informazioni sulle pagine visitate dagli utenti all&#8217;interno del sito, l\u2019orario d\u2019accesso, la permanenza sulla singola pagina, l\u2019analisi di percorso interno ed altri parametri relativi al sistema operativo ed all\u2019ambiente informatico dell\u2019utente.<\/p>\n<p>Tali dati di carattere tecnico\/informatico sono raccolti ed utilizzati esclusivamente in maniera aggregata e non immediatamente identificativa; essi potrebbero essere utilizzati per l\u2019accertamento di responsabilit\u00e0 in caso di ipotetici reati informatici ai danni del sito o su richiesta della pubblica autorit\u00e0.<\/p>\n<h3>Cookie (rinvio)<\/h3>\n<p>In merito all\u2019installazione di cookie da parte di questo sito web si rinvia alla Cookie policy accessibile al link <a href=\"https:\/\/www.synergas.it\/en\/cookiepolicy\/\">https:\/\/www.synergas.it\/cookiepolicy\/<\/a>.<\/p>\n<h3>Redirect verso siti esterni<\/h3>\n<p>Da questo sito web \u00e8 possibile collegarsi mediante appositi link ad altri siti web, sia di societ\u00e0 appartenenti al gruppo CA.FI.MA. S.p.a., sia di terzi.<\/p>\n<p>Synergas S.r.l. declina qualsiasi responsabilit\u00e0 in merito all\u2019eventuale gestione di dati personali da parte di siti terzi e in ordine alla gestione delle credenziali di autenticazione fornite da soggetti terzi.<\/p>\n<h3>Modalit\u00e0 del trattamento e conservazione dei dati<\/h3>\n<p>Il trattamento dei dati personali viene effettuato prevalentemente utilizzando procedure e supporti elettronici per il tempo strettamente necessario a conseguire gli scopi per i quali i dati sono stati raccolti. L&#8217;utente, comunque, ha diritto di ottenere la cancellazione dei propri dati in presenza di motivi legittimi.<\/p>\n<h3>Facoltativit\u00e0 del conferimento dati<\/h3>\n<p>La fornitura dei dati personali richiesti all\u2019interessato \u2013 se non specificato diversamente \u2013 \u00e8 facoltativa, tuttavia il loro mancato conferimento pu\u00f2 comportare l\u2019impossibilit\u00e0 di ottenere quanto richiesto ovvero di eseguire l&#8217;attivit\u00e0 indicata.<\/p>\n<h3>Luogo del trattamento dati<\/h3>\n<p>I trattamenti connessi ai servizi web di questo sito hanno luogo presso Infocube S.r.l., che ha in gestione lo spazio cloud che ospita il sito ed \u00e8 responsabile dell\u2019aggiornamento tecnologico della piattaforma. I dati personali, laddove ne sia richiesto l\u2019inserimento, sono curati dal personale della Scinicariello Ship Management S.r.l., appositamente incaricata del trattamento, oppure da eventuali incaricati di occasionali operazioni di manutenzione.<\/p>\n<h3>Ambito di circolazione dei dati e diffusione dei dati<\/h3>\n<p>Ai dati personali acquisiti tramite questo sito web vi accedono unicamente soggetti che agiscono per conto del Titolare, appositamente designati come data manager, coordinatori o incaricati e preposti alla gestione del servizio richiesto; i medesimi dati non sono diffusi.<\/p>\n<p>Informazioni pi\u00f9 dettagliate sui nominativi dei ruoli privacy potranno essere richieste scrivendo all\u2019indirizzo mail <a href=\"mailto:privacy@scini.com\">privacy@scini.com<\/a>.<\/p>\n<h3>Diritti per la tutela dei dati personali<\/h3>\n<p>I soggetti cui si riferiscono i dati personali hanno il diritto in qualunque momento di ottenere la conferma dell\u2019esistenza o meno dei medesimi dati e di conoscerne il contenuto e l\u2019origine, verificarne l\u2019esattezza o chiederne l\u2019integrazione o l\u2019aggiornamento, oppure la rettificazione.<\/p>\n<p>Inoltre, si ha il diritto di chiedere la cancellazione, la trasformazione in forma anonima o il blocco dei dati trattati in violazione di legge, nonch\u00e9 di opporsi in ogni caso, per motivi legittimi, al loro trattamento.<\/p>\n<p>Le richieste vanno rivolte all\u2019indirizzo mail <a href=\"mailto:privacy@scini.com\">privacy@scini.com<\/a>.<\/p>\n<h3>Modifiche alla policy<\/h3>\n<p>L\u2019eventuale entrata in vigore di nuove normative di settore, come anche il costante esame ed aggiornamento dei servizi all&#8217;utente, potrebbe comportare la necessit\u00e0 di variare le modalit\u00e0 di trattamento dei dati personali. \u00c8 possibile che la nostra policy subisca modifiche nel tempo ed invitiamo, pertanto, il visitatore a consultare periodicamente questa pagina. A questo scopo il documento di policy evidenzia la data di aggiornamento.<\/p>\n<p>&nbsp;<\/p>\n<p>Data di Redazione: 01\/01\/2018<\/p>\n<p>Ultimo Aggiornamento: 17\/07\/2018[\/vc_column_text][\/vc_column][\/vc_row]<\/p>\n","protected":false},"excerpt":{"rendered":"<p>[vc_row][vc_column][vc_column_text] Introduzione La presente Policy ha lo scopo di descrivere le modalit\u00e0 di gestione in riferimento al trattamento dei dati personali degli utenti\/visitatori di questo sito web, raggiungibile all&#8217;indirizzo https:\/\/www.synergas.it\/. Raccomandiamo di leggere attentamente questa privacy policy prima della fornitura dei dati stessi. Questa comunicazione \u00e8 fornita in conformit\u00e0 alla legislazione dell&#8217;Unione Europea sul trattamento<\/p>\n","protected":false},"author":3,"featured_media":0,"parent":0,"menu_order":0,"comment_status":"closed","ping_status":"closed","template":"","meta":[],"acf":[],"yoast_head":"<!-- This site is optimized with the Yoast SEO plugin v18.8 - https:\/\/yoast.com\/wordpress\/plugins\/seo\/ -->\n<title>PrivacyPolicy - Synergas<\/title>\n<meta name=\"robots\" content=\"index, follow, max-snippet:-1, max-image-preview:large, max-video-preview:-1\" \/>\n<link rel=\"canonical\" href=\"https:\/\/www.synergas.it\/en\/privacypolicy\/\" \/>\n<meta property=\"og:locale\" content=\"en_US\" \/>\n<meta property=\"og:type\" content=\"article\" \/>\n<meta property=\"og:title\" content=\"PrivacyPolicy - Synergas\" \/>\n<meta property=\"og:description\" content=\"[vc_row][vc_column][vc_column_text] Introduzione La presente Policy ha lo scopo di descrivere le modalit\u00e0 di gestione in riferimento al trattamento dei dati personali degli utenti\/visitatori di questo sito web, raggiungibile all&#8217;indirizzo https:\/\/www.synergas.it\/. Raccomandiamo di leggere attentamente questa privacy policy prima della fornitura dei dati stessi. Questa comunicazione \u00e8 fornita in conformit\u00e0 alla legislazione dell&#8217;Unione Europea sul trattamento\" \/>\n<meta property=\"og:url\" content=\"https:\/\/www.synergas.it\/en\/privacypolicy\/\" \/>\n<meta property=\"og:site_name\" content=\"Synergas\" \/>\n<meta name=\"twitter:card\" content=\"summary_large_image\" \/>\n<meta name=\"twitter:label1\" content=\"Est. reading time\" \/>\n\t<meta name=\"twitter:data1\" content=\"5 minutes\" \/>\n<script type=\"application\/ld+json\" class=\"yoast-schema-graph\">{\"@context\":\"https:\/\/schema.org\",\"@graph\":[{\"@type\":\"WebSite\",\"@id\":\"https:\/\/www.synergas.it\/#website\",\"url\":\"https:\/\/www.synergas.it\/\",\"name\":\"Synergas\",\"description\":\"Synergas shipping solution\",\"potentialAction\":[{\"@type\":\"SearchAction\",\"target\":{\"@type\":\"EntryPoint\",\"urlTemplate\":\"https:\/\/www.synergas.it\/?s={search_term_string}\"},\"query-input\":\"required name=search_term_string\"}],\"inLanguage\":\"en-US\"},{\"@type\":\"WebPage\",\"@id\":\"https:\/\/www.synergas.it\/en\/privacypolicy\/#webpage\",\"url\":\"https:\/\/www.synergas.it\/en\/privacypolicy\/\",\"name\":\"PrivacyPolicy - Synergas\",\"isPartOf\":{\"@id\":\"https:\/\/www.synergas.it\/#website\"},\"datePublished\":\"2018-07-17T15:03:11+00:00\",\"dateModified\":\"2018-07-17T15:03:11+00:00\",\"breadcrumb\":{\"@id\":\"https:\/\/www.synergas.it\/en\/privacypolicy\/#breadcrumb\"},\"inLanguage\":\"en-US\",\"potentialAction\":[{\"@type\":\"ReadAction\",\"target\":[\"https:\/\/www.synergas.it\/en\/privacypolicy\/\"]}]},{\"@type\":\"BreadcrumbList\",\"@id\":\"https:\/\/www.synergas.it\/en\/privacypolicy\/#breadcrumb\",\"itemListElement\":[{\"@type\":\"ListItem\",\"position\":1,\"name\":\"Home\",\"item\":\"https:\/\/www.synergas.it\/en\/home-synergas\/\"},{\"@type\":\"ListItem\",\"position\":2,\"name\":\"PrivacyPolicy\"}]}]}<\/script>\n<!-- \/ Yoast SEO plugin. -->","yoast_head_json":{"title":"PrivacyPolicy - Synergas","robots":{"index":"index","follow":"follow","max-snippet":"max-snippet:-1","max-image-preview":"max-image-preview:large","max-video-preview":"max-video-preview:-1"},"canonical":"https:\/\/www.synergas.it\/en\/privacypolicy\/","og_locale":"en_US","og_type":"article","og_title":"PrivacyPolicy - Synergas","og_description":"[vc_row][vc_column][vc_column_text] Introduzione La presente Policy ha lo scopo di descrivere le modalit\u00e0 di gestione in riferimento al trattamento dei dati personali degli utenti\/visitatori di questo sito web, raggiungibile all&#8217;indirizzo https:\/\/www.synergas.it\/. Raccomandiamo di leggere attentamente questa privacy policy prima della fornitura dei dati stessi. Questa comunicazione \u00e8 fornita in conformit\u00e0 alla legislazione dell&#8217;Unione Europea sul trattamento","og_url":"https:\/\/www.synergas.it\/en\/privacypolicy\/","og_site_name":"Synergas","twitter_card":"summary_large_image","twitter_misc":{"Est. reading time":"5 minutes"},"schema":{"@context":"https:\/\/schema.org","@graph":[{"@type":"WebSite","@id":"https:\/\/www.synergas.it\/#website","url":"https:\/\/www.synergas.it\/","name":"Synergas","description":"Synergas shipping solution","potentialAction":[{"@type":"SearchAction","target":{"@type":"EntryPoint","urlTemplate":"https:\/\/www.synergas.it\/?s={search_term_string}"},"query-input":"required name=search_term_string"}],"inLanguage":"en-US"},{"@type":"WebPage","@id":"https:\/\/www.synergas.it\/en\/privacypolicy\/#webpage","url":"https:\/\/www.synergas.it\/en\/privacypolicy\/","name":"PrivacyPolicy - Synergas","isPartOf":{"@id":"https:\/\/www.synergas.it\/#website"},"datePublished":"2018-07-17T15:03:11+00:00","dateModified":"2018-07-17T15:03:11+00:00","breadcrumb":{"@id":"https:\/\/www.synergas.it\/en\/privacypolicy\/#breadcrumb"},"inLanguage":"en-US","potentialAction":[{"@type":"ReadAction","target":["https:\/\/www.synergas.it\/en\/privacypolicy\/"]}]},{"@type":"BreadcrumbList","@id":"https:\/\/www.synergas.it\/en\/privacypolicy\/#breadcrumb","itemListElement":[{"@type":"ListItem","position":1,"name":"Home","item":"https:\/\/www.synergas.it\/en\/home-synergas\/"},{"@type":"ListItem","position":2,"name":"PrivacyPolicy"}]}]}},"_links":{"self":[{"href":"https:\/\/www.synergas.it\/en\/wp-json\/wp\/v2\/pages\/299"}],"collection":[{"href":"https:\/\/www.synergas.it\/en\/wp-json\/wp\/v2\/pages"}],"about":[{"href":"https:\/\/www.synergas.it\/en\/wp-json\/wp\/v2\/types\/page"}],"author":[{"embeddable":true,"href":"https:\/\/www.synergas.it\/en\/wp-json\/wp\/v2\/users\/3"}],"replies":[{"embeddable":true,"href":"https:\/\/www.synergas.it\/en\/wp-json\/wp\/v2\/comments?post=299"}],"version-history":[{"count":0,"href":"https:\/\/www.synergas.it\/en\/wp-json\/wp\/v2\/pages\/299\/revisions"}],"wp:attachment":[{"href":"https:\/\/www.synergas.it\/en\/wp-json\/wp\/v2\/media?parent=299"}],"curies":[{"name":"wp","href":"https:\/\/api.w.org\/{rel}","templated":true}]}}